{"id":6,"date":"2023-11-20T13:00:00","date_gmt":"2023-11-20T13:00:00","guid":{"rendered":"https:\/\/ohy.afz.mybluehost.me\/.website_f652f847\/about\/"},"modified":"2024-02-19T11:52:46","modified_gmt":"2024-02-19T11:52:46","slug":"about","status":"publish","type":"page","link":"https:\/\/eventos.flad.pt\/en\/about\/","title":{"rendered":"About"},"content":{"rendered":"<p>[et_pb_section fb_built=&#8221;1&#8243; admin_label=&#8221;Header&#8221; _builder_version=&#8221;4.20.0&#8243; _module_preset=&#8221;default&#8221; background_color=&#8221;gcid-3be8d3fa-8b11-41b4-b614-e601c43d7597&#8243; collapsed=&#8221;on&#8221; global_colors_info=&#8221;{%22gcid-3be8d3fa-8b11-41b4-b614-e601c43d7597%22:%91%22background_color%22%93}&#8221;][et_pb_row _builder_version=&#8221;4.20.0&#8243; _module_preset=&#8221;default&#8221; width=&#8221;90%&#8221; max_width=&#8221;none&#8221; global_colors_info=&#8221;{}&#8221;][et_pb_column type=&#8221;4_4&#8243; _builder_version=&#8221;4.20.0&#8243; _module_preset=&#8221;default&#8221; global_colors_info=&#8221;{}&#8221;][et_pb_text _builder_version=&#8221;4.24.1&#8243; _module_preset=&#8221;b1c7508b-5efc-4e3e-ac02-b9acaafa275d&#8221; header_font_size=&#8221;6vw&#8221; hover_enabled=&#8221;0&#8243; global_colors_info=&#8221;{}&#8221; header_font=&#8221;Frank Ruhl Libre|700|||||||&#8221; sticky_enabled=&#8221;0&#8243;]<\/p>\n<h1>Quem Somos<\/h1>\n<p>[\/et_pb_text][\/et_pb_column][\/et_pb_row][et_pb_row column_structure=&#8221;1_3,2_3&#8243; _builder_version=&#8221;4.20.0&#8243; _module_preset=&#8221;default&#8221; width=&#8221;90%&#8221; max_width=&#8221;1400px&#8221; global_colors_info=&#8221;{}&#8221;][et_pb_column type=&#8221;1_3&#8243; _builder_version=&#8221;4.20.0&#8243; _module_preset=&#8221;default&#8221; global_colors_info=&#8221;{}&#8221;][et_pb_text _builder_version=&#8221;4.24.1&#8243; _module_preset=&#8221;a89b48ac-69be-4e5e-b67a-192f3841979a&#8221; hover_enabled=&#8221;0&#8243; locked=&#8221;off&#8221; global_colors_info=&#8221;{}&#8221; text_font=&#8221;Assistant||||||||&#8221; sticky_enabled=&#8221;0&#8243;]<\/p>\n<p class=\"p1\">A FLAD \u00e9 uma funda\u00e7\u00e3o privada que trabalha para promover o desenvolvimento de Portugal atrav\u00e9s da coopera\u00e7\u00e3o bilateral com os Estados Unidos da Am\u00e9rica. E, \u00e9 assumindo sempre esta miss\u00e3o que a FLAD se constitui como uma ponte entre os dois pa\u00edses, um recurso de excel\u00eancia junto dos que procuram e oferecem oportunidades nos EUA, com foco em quatro grandes \u00e1reas \u2013 Ci\u00eancia e Tecnologia, Educa\u00e7\u00e3o, Arte e Cultura e Rela\u00e7\u00f5es Transatl\u00e2nticas.<\/p>\n<p class=\"p1\">Os nossos eventos refletem a diversidade das nossas \u00e1reas de atua\u00e7\u00e3o, s\u00e3o abertos ao p\u00fablico em geral e de entrada livre, com espa\u00e7o para um contacto mais pr\u00f3ximo entre o p\u00fablico e os nossos convidados.<\/p>\n<p>[\/et_pb_text][\/et_pb_column][et_pb_column type=&#8221;2_3&#8243; _builder_version=&#8221;4.20.0&#8243; _module_preset=&#8221;default&#8221; global_colors_info=&#8221;{}&#8221;][et_pb_image src=&#8221;https:\/\/eventos.flad.pt\/wp-content\/uploads\/2024\/02\/FLAD-John-Ikenberry-028.jpg&#8221; title_text=&#8221;FLAD &#8211; John Ikenberry &#8211; 028&#8243; _builder_version=&#8221;4.24.1&#8243; _module_preset=&#8221;default&#8221; hover_enabled=&#8221;0&#8243; global_colors_info=&#8221;{}&#8221; sticky_enabled=&#8221;0&#8243;][\/et_pb_image][\/et_pb_column][\/et_pb_row][\/et_pb_section]<\/p>\n","protected":false},"excerpt":{"rendered":"<p>Quem SomosA FLAD \u00e9 uma funda\u00e7\u00e3o privada que trabalha para promover o desenvolvimento de Portugal atrav\u00e9s da coopera\u00e7\u00e3o bilateral com os Estados Unidos da Am\u00e9rica. E, \u00e9 assumindo sempre esta miss\u00e3o que a FLAD se constitui como uma ponte entre os dois pa\u00edses, um recurso de excel\u00eancia junto dos que procuram e oferecem oportunidades nos [&hellip;]<\/p>\n","protected":false},"author":2,"featured_media":0,"parent":0,"menu_order":0,"comment_status":"closed","ping_status":"closed","template":"","meta":{"_et_pb_use_builder":"on","_et_pb_old_content":"<!-- wp:paragraph {\"align\":\"center\",\"fontSize\":\"medium\"} --><p class=\"has-text-align-center has-medium-font-size\">Fusce gravida ut nisi et facilisis. Nullam ut mi fermentum, posuere dolor id, ultricies ipsum. Duis urna ipsum, tincidunt ut lorem.<\/p><!-- \/wp:paragraph --><!-- wp:spacer --><div style=\"height:100px\" aria-hidden=\"true\" class=\"wp-block-spacer\"><\/div><!-- \/wp:spacer --><!-- wp:columns {\"style\":{\"spacing\":{\"blockGap\":\"90px\"}}} --><div class=\"wp-block-columns\"><!-- wp:column {\"style\":{\"spacing\":[]}} --><div class=\"wp-block-column\"><!-- wp:cover {\"url\":\"https:\/\/ohy.afz.mybluehost.me\/.website_f652f847\/wp-content\/themes\/yith-wonder\/assets\/images\/demo-content\/company\/company-1.jpg\",\"dimRatio\":0,\"contentPosition\":\"bottom center\",\"isDark\":false,\"style\":{\"spacing\":{\"padding\":{\"top\":\"50px\",\"right\":\"50px\",\"bottom\":\"0px\",\"left\":\"50px\"}}}} --><div class=\"wp-block-cover is-light has-custom-content-position is-position-bottom-center\" style=\"padding-top:50px;padding-right:50px;padding-bottom:0px;padding-left:50px\"><span aria-hidden=\"true\" class=\"wp-block-cover__background has-background-dim-0 has-background-dim\"><\/span><img class=\"wp-block-cover__image-background\" alt=\"\" src=\"https:\/\/ohy.afz.mybluehost.me\/.website_f652f847\/wp-content\/themes\/yith-wonder\/assets\/images\/demo-content\/company\/company-1.jpg\" data-object-fit=\"cover\"\/><div class=\"wp-block-cover__inner-container\"><!-- wp:group {\"style\":{\"spacing\":{\"padding\":{\"top\":\"30px\",\"right\":\"30px\",\"bottom\":\"0px\",\"left\":\"30px\"}}},\"backgroundColor\":\"base\",\"textColor\":\"contrast\"} --><div class=\"wp-block-group has-contrast-color has-base-background-color has-text-color has-background\" style=\"padding-top:30px;padding-right:30px;padding-bottom:0px;padding-left:30px\"><!-- wp:paragraph {\"style\":{\"typography\":{\"fontStyle\":\"normal\",\"fontWeight\":\"600\"}},\"textColor\":\"primary\",\"fontSize\":\"medium\"} --><p class=\"has-primary-color has-text-color has-medium-font-size\" style=\"font-style:normal;font-weight:600\">Let\u2019s be fair<\/p><!-- \/wp:paragraph --><!-- wp:paragraph {\"style\":{\"typography\":{\"fontStyle\":\"normal\",\"fontWeight\":\"600\"}}} --><p style=\"font-style:normal;font-weight:600\">Because fashion need to be fair, always<\/p><!-- \/wp:paragraph --><\/div><!-- \/wp:group --><\/div><\/div><!-- \/wp:cover --><\/div><!-- \/wp:column --><!-- wp:column {\"style\":{\"spacing\":[]}} --><div class=\"wp-block-column\"><!-- wp:cover {\"url\":\"https:\/\/ohy.afz.mybluehost.me\/.website_f652f847\/wp-content\/themes\/yith-wonder\/assets\/images\/demo-content\/company\/company-2.jpg\",\"dimRatio\":0,\"contentPosition\":\"bottom center\",\"style\":{\"spacing\":{\"padding\":{\"top\":\"50px\",\"right\":\"50px\",\"bottom\":\"0px\",\"left\":\"50px\"}}}} --><div class=\"wp-block-cover has-custom-content-position is-position-bottom-center\" style=\"padding-top:50px;padding-right:50px;padding-bottom:0px;padding-left:50px\"><span aria-hidden=\"true\" class=\"wp-block-cover__background has-background-dim-0 has-background-dim\"><\/span><img class=\"wp-block-cover__image-background\" alt=\"\" src=\"https:\/\/ohy.afz.mybluehost.me\/.website_f652f847\/wp-content\/themes\/yith-wonder\/assets\/images\/demo-content\/company\/company-2.jpg\" data-object-fit=\"cover\"\/><div class=\"wp-block-cover__inner-container\"><!-- wp:group {\"style\":{\"spacing\":{\"padding\":{\"top\":\"30px\",\"right\":\"30px\",\"bottom\":\"0px\",\"left\":\"30px\"}}},\"backgroundColor\":\"base\",\"textColor\":\"contrast\"} --><div class=\"wp-block-group has-contrast-color has-base-background-color has-text-color has-background\" style=\"padding-top:30px;padding-right:30px;padding-bottom:0px;padding-left:30px\"><!-- wp:paragraph {\"style\":{\"typography\":{\"fontStyle\":\"normal\",\"fontWeight\":\"600\"}},\"textColor\":\"primary\",\"fontSize\":\"medium\"} --><p class=\"has-primary-color has-text-color has-medium-font-size\" style=\"font-style:normal;font-weight:600\">Let\u2019s be for all<\/p><!-- \/wp:paragraph --><!-- wp:paragraph {\"style\":{\"typography\":{\"fontStyle\":\"normal\",\"fontWeight\":\"600\"}}} --><p style=\"font-style:normal;font-weight:600\">Discover why and how our shop is totally inclusive<\/p><!-- \/wp:paragraph --><\/div><!-- \/wp:group --><\/div><\/div><!-- \/wp:cover --><\/div><!-- \/wp:column --><!-- wp:column {\"style\":{\"spacing\":[]}} --><div class=\"wp-block-column\"><!-- wp:cover {\"url\":\"https:\/\/ohy.afz.mybluehost.me\/.website_f652f847\/wp-content\/themes\/yith-wonder\/assets\/images\/demo-content\/company\/company-3.jpg\",\"dimRatio\":0,\"contentPosition\":\"bottom center\",\"isDark\":false,\"style\":{\"spacing\":{\"padding\":{\"top\":\"50px\",\"right\":\"50px\",\"bottom\":\"0px\",\"left\":\"50px\"}}}} --><div class=\"wp-block-cover is-light has-custom-content-position is-position-bottom-center\" style=\"padding-top:50px;padding-right:50px;padding-bottom:0px;padding-left:50px\"><span aria-hidden=\"true\" class=\"wp-block-cover__background has-background-dim-0 has-background-dim\"><\/span><img class=\"wp-block-cover__image-background\" alt=\"\" src=\"https:\/\/ohy.afz.mybluehost.me\/.website_f652f847\/wp-content\/themes\/yith-wonder\/assets\/images\/demo-content\/company\/company-3.jpg\" data-object-fit=\"cover\"\/><div class=\"wp-block-cover__inner-container\"><!-- wp:group {\"style\":{\"spacing\":{\"padding\":{\"top\":\"30px\",\"right\":\"30px\",\"bottom\":\"0px\",\"left\":\"30px\"}}},\"backgroundColor\":\"base\",\"textColor\":\"contrast\"} --><div class=\"wp-block-group has-contrast-color has-base-background-color has-text-color has-background\" style=\"padding-top:30px;padding-right:30px;padding-bottom:0px;padding-left:30px\"><!-- wp:paragraph {\"style\":{\"typography\":{\"fontStyle\":\"normal\",\"fontWeight\":\"600\"}},\"textColor\":\"primary\",\"fontSize\":\"medium\"} --><p class=\"has-primary-color has-text-color has-medium-font-size\" style=\"font-style:normal;font-weight:600\">Let\u2019s clean up<\/p><!-- \/wp:paragraph --><!-- wp:paragraph {\"style\":{\"typography\":{\"fontStyle\":\"normal\",\"fontWeight\":\"600\"}}} --><p style=\"font-style:normal;font-weight:600\">Discover our sustainability initiatives<\/p><!-- \/wp:paragraph --><\/div><!-- \/wp:group --><\/div><\/div><!-- \/wp:cover --><\/div><!-- \/wp:column --><\/div><!-- \/wp:columns --><!-- wp:spacer --><div style=\"height:100px\" aria-hidden=\"true\" class=\"wp-block-spacer\"><\/div><!-- \/wp:spacer --><!-- wp:columns --><div class=\"wp-block-columns\"><!-- wp:column {\"verticalAlignment\":\"center\",\"width\":\"33.33%\"} --><div class=\"wp-block-column is-vertically-aligned-center\" style=\"flex-basis:33.33%\"><!-- wp:paragraph {\"style\":{\"typography\":{\"fontStyle\":\"normal\",\"fontWeight\":\"600\"}},\"textColor\":\"primary\",\"fontSize\":\"large\"} --><p class=\"has-primary-color has-text-color has-large-font-size\" style=\"font-style:normal;font-weight:600\">We <strong><em>really<\/em> <\/strong>love our tribu.<\/p><!-- \/wp:paragraph --><!-- wp:paragraph {\"style\":{\"typography\":{\"fontStyle\":\"normal\",\"fontWeight\":\"500\"}},\"fontSize\":\"medium\"} --><p class=\"has-medium-font-size\" style=\"font-style:normal;font-weight:500\">Fusce gravida ut nisi et facilisis. Nullam ut mi fermentum, posuere dolor id, ultricies ipsum. <br>Duis urna ipsum, tincidunt ut lorem.<\/p><!-- \/wp:paragraph --><!-- wp:paragraph {\"style\":{\"typography\":{\"fontStyle\":\"normal\",\"fontWeight\":\"800\"}},\"fontSize\":\"medium\"} --><p class=\"has-medium-font-size\" style=\"font-style:normal;font-weight:800\"><a href=\"#\">Read all testimonials &gt;<\/a><\/p><!-- \/wp:paragraph --><\/div><!-- \/wp:column --><!-- wp:column {\"verticalAlignment\":\"center\",\"width\":\"33.33%\"} --><div class=\"wp-block-column is-vertically-aligned-center\" style=\"flex-basis:33.33%\"><!-- wp:cover {\"url\":\"https:\/\/ohy.afz.mybluehost.me\/.website_f652f847\/wp-content\/themes\/yith-wonder\/assets\/images\/demo-content\/company\/testimonial.jpg\",\"dimRatio\":50,\"focalPoint\":{\"x\":\"0.50\",\"y\":\"0.00\"},\"minHeight\":700,\"customGradient\":\"linear-gradient(90deg,rgb(0,167,156) 0%,rgb(1,175,141) 21%,rgba(255,255,255,0) 21%)\",\"contentPosition\":\"bottom center\",\"style\":{\"spacing\":{\"padding\":{\"top\":\"0px\",\"right\":\"0px\",\"bottom\":\"0px\",\"left\":\"0px\"}}}} --><div class=\"wp-block-cover has-custom-content-position is-position-bottom-center\" style=\"padding-top:0px;padding-right:0px;padding-bottom:0px;padding-left:0px;min-height:700px\"><span aria-hidden=\"true\" class=\"wp-block-cover__background has-background-dim wp-block-cover__gradient-background has-background-gradient\" style=\"background:linear-gradient(90deg,rgb(0,167,156) 0%,rgb(1,175,141) 21%,rgba(255,255,255,0) 21%)\"><\/span><img class=\"wp-block-cover__image-background\" alt=\"\" src=\"https:\/\/ohy.afz.mybluehost.me\/.website_f652f847\/wp-content\/themes\/yith-wonder\/assets\/images\/demo-content\/company\/testimonial.jpg\" style=\"object-position:50% 0%\" data-object-fit=\"cover\" data-object-position=\"50% 0%\"\/><div class=\"wp-block-cover__inner-container\"><!-- wp:group {\"style\":{\"spacing\":{\"padding\":{\"top\":\"50px\",\"right\":\"70px\",\"bottom\":\"0px\",\"left\":\"70px\"}},\"typography\":{\"fontStyle\":\"normal\",\"fontWeight\":\"500\"}},\"backgroundColor\":\"base\",\"textColor\":\"contrast\",\"layout\":{\"inherit\":false}} --><div class=\"wp-block-group has-contrast-color has-base-background-color has-text-color has-background\" style=\"padding-top:50px;padding-right:70px;padding-bottom:0px;padding-left:70px;font-style:normal;font-weight:500\"><!-- wp:paragraph {\"fontSize\":\"medium\"} --><p class=\"has-medium-font-size\"><strong>Martha Ramos<br><\/strong>Customer from 2007<\/p><!-- \/wp:paragraph --><\/div><!-- \/wp:group --><\/div><\/div><!-- \/wp:cover --><\/div><!-- \/wp:column --><!-- wp:column {\"verticalAlignment\":\"bottom\",\"width\":\"33.33%\",\"className\":\"negative-left-margin\"} --><div class=\"wp-block-column is-vertically-aligned-bottom negative-left-margin\" style=\"flex-basis:33.33%\"><!-- wp:group {\"style\":{\"spacing\":{\"padding\":{\"top\":\"60px\",\"right\":\"60px\",\"bottom\":\"60px\",\"left\":\"60px\"}},\"typography\":{\"fontStyle\":\"normal\",\"fontWeight\":\"700\"}},\"backgroundColor\":\"secondary-background\",\"textColor\":\"secondary-foreground\",\"fontSize\":\"x-large\"} --><div class=\"wp-block-group has-secondary-foreground-color has-secondary-background-background-color has-text-color has-background has-x-large-font-size\" style=\"padding-top:60px;padding-right:60px;padding-bottom:60px;padding-left:60px;font-style:normal;font-weight:700\"><!-- wp:paragraph --><p>\u201cHere I can find original items, low prices without to lose quality or sustainability. Love it!\u201c<\/p><!-- \/wp:paragraph --><\/div><!-- \/wp:group --><\/div><!-- \/wp:column --><\/div><!-- \/wp:columns --><!-- wp:spacer --><div style=\"height:100px\" aria-hidden=\"true\" class=\"wp-block-spacer\"><\/div><!-- \/wp:spacer --><!-- wp:columns {\"style\":{\"spacing\":{\"blockGap\":\"140px\"}}} --><div class=\"wp-block-columns\"><!-- wp:column --><div class=\"wp-block-column\"><!-- wp:image {\"align\":\"center\",\"sizeSlug\":\"full\",\"linkDestination\":\"none\"} --><figure class=\"wp-block-image aligncenter size-full\"><img src=\"https:\/\/ohy.afz.mybluehost.me\/.website_f652f847\/wp-content\/themes\/yith-wonder\/assets\/images\/demo-content\/company\/high-quality.svg\" alt=\"\"\/><\/figure><!-- \/wp:image --><!-- wp:paragraph {\"align\":\"center\",\"style\":{\"typography\":{\"fontStyle\":\"normal\",\"fontWeight\":\"600\"}},\"textColor\":\"primary\",\"fontSize\":\"medium\"} --><p class=\"has-text-align-center has-primary-color has-text-color has-medium-font-size\" style=\"font-style:normal;font-weight:600\">High quality and low cost<\/p><!-- \/wp:paragraph --><!-- wp:paragraph {\"align\":\"center\",\"style\":{\"typography\":{\"fontStyle\":\"normal\",\"fontWeight\":\"600\"}},\"fontSize\":\"normal\"} --><p class=\"has-text-align-center has-normal-font-size\" style=\"font-style:normal;font-weight:600\">Fusce gravida ut nisi et facilisis. Nullam ut mi fermentum, posuere dolor id, ultricies ipsum. Duis urna ipsum, tincidunt ut lorem.<\/p><!-- \/wp:paragraph --><\/div><!-- \/wp:column --><!-- wp:column --><div class=\"wp-block-column\"><!-- wp:image {\"align\":\"center\",\"sizeSlug\":\"full\",\"linkDestination\":\"none\"} --><figure class=\"wp-block-image aligncenter size-full\"><img src=\"https:\/\/ohy.afz.mybluehost.me\/.website_f652f847\/wp-content\/themes\/yith-wonder\/assets\/images\/demo-content\/company\/happycustomers.svg\" alt=\"\"\/><\/figure><!-- \/wp:image --><!-- wp:paragraph {\"align\":\"center\",\"style\":{\"typography\":{\"fontStyle\":\"normal\",\"fontWeight\":\"600\"}},\"textColor\":\"primary\",\"fontSize\":\"medium\"} --><p class=\"has-text-align-center has-primary-color has-text-color has-medium-font-size\" style=\"font-style:normal;font-weight:600\">50K Happy Customers<\/p><!-- \/wp:paragraph --><!-- wp:paragraph {\"align\":\"center\",\"style\":{\"typography\":{\"fontStyle\":\"normal\",\"fontWeight\":\"600\"}},\"fontSize\":\"normal\"} --><p class=\"has-text-align-center has-normal-font-size\" style=\"font-style:normal;font-weight:600\">Fusce gravida ut nisi et facilisis. Nullam ut mi fermentum, posuere dolor id, ultricies ipsum. Duis urna ipsum, tincidunt ut lorem.<\/p><!-- \/wp:paragraph --><\/div><!-- \/wp:column --><!-- wp:column --><div class=\"wp-block-column\"><!-- wp:image {\"align\":\"center\",\"sizeSlug\":\"full\",\"linkDestination\":\"none\"} --><figure class=\"wp-block-image aligncenter size-full\"><img src=\"https:\/\/ohy.afz.mybluehost.me\/.website_f652f847\/wp-content\/themes\/yith-wonder\/assets\/images\/demo-content\/company\/refund-policy.svg\" alt=\"\"\/><\/figure><!-- \/wp:image --><!-- wp:paragraph {\"align\":\"center\",\"style\":{\"typography\":{\"fontStyle\":\"normal\",\"fontWeight\":\"600\"}},\"textColor\":\"primary\",\"fontSize\":\"medium\"} --><p class=\"has-text-align-center has-primary-color has-text-color has-medium-font-size\" style=\"font-style:normal;font-weight:600\">A transparent Refund policy<\/p><!-- \/wp:paragraph --><!-- wp:paragraph {\"align\":\"center\",\"style\":{\"typography\":{\"fontStyle\":\"normal\",\"fontWeight\":\"600\"}},\"fontSize\":\"normal\"} --><p class=\"has-text-align-center has-normal-font-size\" style=\"font-style:normal;font-weight:600\">Fusce gravida ut nisi et facilisis. Nullam ut mi fermentum, posuere dolor id, ultricies ipsum. Duis urna ipsum, tincidunt ut lorem.<\/p><!-- \/wp:paragraph --><\/div><!-- \/wp:column --><\/div><!-- \/wp:columns --><!-- wp:paragraph --><p><\/p><!-- \/wp:paragraph --><!-- wp:paragraph --><p><\/p><!-- \/wp:paragraph --><!-- wp:spacer {\"height\":\"50px\"} --><div style=\"height:50px\" aria-hidden=\"true\" class=\"wp-block-spacer\"><\/div><!-- \/wp:spacer -->","_et_gb_content_width":"","_monsterinsights_skip_tracking":false,"_monsterinsights_sitenote_active":false,"_monsterinsights_sitenote_note":"","_monsterinsights_sitenote_category":0,"footnotes":""},"class_list":["post-6","page","type-page","status-publish","hentry"],"jetpack_sharing_enabled":true,"_links":{"self":[{"href":"https:\/\/eventos.flad.pt\/en\/wp-json\/wp\/v2\/pages\/6","targetHints":{"allow":["GET"]}}],"collection":[{"href":"https:\/\/eventos.flad.pt\/en\/wp-json\/wp\/v2\/pages"}],"about":[{"href":"https:\/\/eventos.flad.pt\/en\/wp-json\/wp\/v2\/types\/page"}],"author":[{"embeddable":true,"href":"https:\/\/eventos.flad.pt\/en\/wp-json\/wp\/v2\/users\/2"}],"replies":[{"embeddable":true,"href":"https:\/\/eventos.flad.pt\/en\/wp-json\/wp\/v2\/comments?post=6"}],"version-history":[{"count":4,"href":"https:\/\/eventos.flad.pt\/en\/wp-json\/wp\/v2\/pages\/6\/revisions"}],"predecessor-version":[{"id":689,"href":"https:\/\/eventos.flad.pt\/en\/wp-json\/wp\/v2\/pages\/6\/revisions\/689"}],"wp:attachment":[{"href":"https:\/\/eventos.flad.pt\/en\/wp-json\/wp\/v2\/media?parent=6"}],"curies":[{"name":"wp","href":"https:\/\/api.w.org\/{rel}","templated":true}]}}